{"id":1608,"date":"2023-06-30T10:56:31","date_gmt":"2023-06-30T08:56:31","guid":{"rendered":"https:\/\/imeif.fr\/?page_id=1608"},"modified":"2024-09-24T09:36:33","modified_gmt":"2024-09-24T07:36:33","slug":"un-emploi-pour-toutes","status":"publish","type":"page","link":"https:\/\/imeif.fr\/index.php\/nos-actions\/un-emploi-pour-toutes\/","title":{"rendered":"Un Emploi Pour Toutes"},"content":{"rendered":"<p>[et_pb_section fb_built=\u00a0\u00bb1&Prime; admin_label=\u00a0\u00bbHeader\u00a0\u00bb _builder_version=\u00a0\u00bb4.16&Prime; background_color=\u00a0\u00bb#f7f9f9&Prime; background_image=\u00a0\u00bbhttps:\/\/imeif.fr\/wp-content\/uploads\/2021\/03\/charity-09.png\u00a0\u00bb parallax=\u00a0\u00bbon\u00a0\u00bb custom_padding=\u00a0\u00bb||0px|||\u00a0\u00bb collapsed=\u00a0\u00bboff\u00a0\u00bb global_colors_info=\u00a0\u00bb{}\u00a0\u00bb][et_pb_row _builder_version=\u00a0\u00bb4.16&Prime; custom_margin=\u00a0\u00bb-59px|auto||auto||\u00a0\u00bb custom_padding=\u00a0\u00bb||0px|||\u00a0\u00bb global_colors_info=\u00a0\u00bb{}\u00a0\u00bb][et_pb_column type=\u00a0\u00bb4_4&Prime; _builder_version=\u00a0\u00bb4.16&Prime; custom_padding=\u00a0\u00bb80px||40px|\u00a0\u00bb custom_padding_tablet=\u00a0\u00bb0px||\u00a0\u00bb custom_padding_phone=\u00a0\u00bb\u00a0\u00bb custom_padding_last_edited=\u00a0\u00bbon|tablet\u00a0\u00bb global_colors_info=\u00a0\u00bb{}\u00a0\u00bb padding_tablet=\u00a0\u00bb0px||\u00a0\u00bb padding_last_edited=\u00a0\u00bbon|tablet\u00a0\u00bb custom_padding__hover=\u00a0\u00bb|||\u00a0\u00bb padding_phone=\u00a0\u00bb0px||\u00a0\u00bb][et_pb_text _builder_version=\u00a0\u00bb4.16&Prime; text_font=\u00a0\u00bb||||||||\u00a0\u00bb text_text_color=\u00a0\u00bb#dc5538&Prime; text_font_size=\u00a0\u00bb15px\u00a0\u00bb text_line_height=\u00a0\u00bb2em\u00a0\u00bb header_font=\u00a0\u00bbFaustina|600|||||||\u00a0\u00bb header_text_color=\u00a0\u00bb#DC5538&Prime; header_font_size=\u00a0\u00bb100px\u00a0\u00bb header_line_height=\u00a0\u00bb1.3em\u00a0\u00bb text_orientation=\u00a0\u00bbcenter\u00a0\u00bb max_width=\u00a0\u00bb800px\u00a0\u00bb module_alignment=\u00a0\u00bbcenter\u00a0\u00bb header_font_size_tablet=\u00a0\u00bb50px\u00a0\u00bb header_font_size_phone=\u00a0\u00bb40px\u00a0\u00bb header_font_size_last_edited=\u00a0\u00bbon|phone\u00a0\u00bb global_colors_info=\u00a0\u00bb{}\u00a0\u00bb]<\/p>\n<h1>Un Emploi pour toutes<\/h1>\n<p>[\/et_pb_text][\/et_pb_column][\/et_pb_row][\/et_pb_section][et_pb_section fb_built=\u00a0\u00bb1&Prime; _builder_version=\u00a0\u00bb4.16&Prime; _module_preset=\u00a0\u00bbdefault\u00a0\u00bb custom_padding=\u00a0\u00bb||0px|||\u00a0\u00bb global_colors_info=\u00a0\u00bb{}\u00a0\u00bb][et_pb_row _builder_version=\u00a0\u00bb4.16&Prime; _module_preset=\u00a0\u00bbdefault\u00a0\u00bb global_colors_info=\u00a0\u00bb{}\u00a0\u00bb][et_pb_column type=\u00a0\u00bb4_4&Prime; _builder_version=\u00a0\u00bb4.16&Prime; _module_preset=\u00a0\u00bbdefault\u00a0\u00bb global_colors_info=\u00a0\u00bb{}\u00a0\u00bb][et_pb_text _builder_version=\u00a0\u00bb4.16&Prime; _module_preset=\u00a0\u00bbdefault\u00a0\u00bb text_font=\u00a0\u00bb|600|||||||\u00a0\u00bb text_text_color=\u00a0\u00bb#000000&Prime; text_font_size=\u00a0\u00bb30px\u00a0\u00bb text_line_height=\u00a0\u00bb1.8em\u00a0\u00bb text_orientation=\u00a0\u00bbcenter\u00a0\u00bb global_colors_info=\u00a0\u00bb{}\u00a0\u00bb]<\/p>\n<p>Un Emploi pour toutes f<span style=\"font-size: 30px;\">avorise l&rsquo;int\u00e9gration sociale et professionnelle par le d\u00e9veloppement des comp\u00e9tences linguistiques, l&rsquo;\u00e9laboration d&rsquo;un parcours d&rsquo;insertion, et un acc\u00e8s facilit\u00e9 \u00e0 la formation ou \u00e0 l&#8217;emploi.<\/span><\/p>\n<p>[\/et_pb_text][\/et_pb_column][\/et_pb_row][\/et_pb_section][et_pb_section fb_built=\u00a0\u00bb1&Prime; _builder_version=\u00a0\u00bb4.16&Prime; _module_preset=\u00a0\u00bbdefault\u00a0\u00bb custom_margin=\u00a0\u00bb10px|10px|10px|10px|false|false\u00a0\u00bb custom_padding=\u00a0\u00bb1px|1px|1px|1px|false|false\u00a0\u00bb global_colors_info=\u00a0\u00bb{}\u00a0\u00bb][et_pb_row column_structure=\u00a0\u00bb1_2,1_2&Prime; _builder_version=\u00a0\u00bb4.16&Prime; _module_preset=\u00a0\u00bbdefault\u00a0\u00bb global_colors_info=\u00a0\u00bb{}\u00a0\u00bb][et_pb_column type=\u00a0\u00bb1_2&Prime; _builder_version=\u00a0\u00bb4.16&Prime; _module_preset=\u00a0\u00bbdefault\u00a0\u00bb custom_padding=\u00a0\u00bb0px|0px|0px|0px|false|false\u00a0\u00bb global_colors_info=\u00a0\u00bb{}\u00a0\u00bb][et_pb_text _builder_version=\u00a0\u00bb4.16&Prime; _module_preset=\u00a0\u00bbdefault\u00a0\u00bb custom_padding=\u00a0\u00bb12px|12px|12px|12px|false|false\u00a0\u00bb border_radii=\u00a0\u00bbon|8px|8px|8px|8px\u00a0\u00bb box_shadow_style=\u00a0\u00bbpreset1&Prime; box_shadow_blur=\u00a0\u00bb38px\u00a0\u00bb global_colors_info=\u00a0\u00bb{}\u00a0\u00bb]<\/p>\n<h2>Un Emploi pour toutes<\/h2>\n<p><span style=\"font-weight: 400;\">A destination des femmes primo-arrivantes signataires du CIR ou B\u00e9n\u00e9ficiaires de la\u00a0<\/span><span style=\"font-weight: 400;\">Protection Temporaire ou de la Protection Internationale, ce parcours favorise l&rsquo;int\u00e9gration sociale et professionnelle par le d\u00e9veloppement des comp\u00e9tences linguistiques.\u00a0<\/span><\/p>\n<p>[\/et_pb_text][et_pb_button button_url=\u00a0\u00bbhttps:\/\/imeif.fr\/wp-content\/uploads\/2024\/09\/Programme-un-emploi-pour-toutes-20242025-1.pdf\u00a0\u00bb button_text=\u00a0\u00bbD\u00e9couvrez le programme Un Emploi pour toutes\u00a0\u00bb _builder_version=\u00a0\u00bb4.27.0&Prime; _module_preset=\u00a0\u00bbdefault\u00a0\u00bb global_colors_info=\u00a0\u00bb{}\u00a0\u00bb][\/et_pb_button][\/et_pb_column][et_pb_column type=\u00a0\u00bb1_2&Prime; _builder_version=\u00a0\u00bb4.16&Prime; _module_preset=\u00a0\u00bbdefault\u00a0\u00bb global_colors_info=\u00a0\u00bb{}\u00a0\u00bb][et_pb_image src=\u00a0\u00bbhttps:\/\/imeif.fr\/wp-content\/uploads\/2023\/07\/fete-fin-dannee.jpeg\u00a0\u00bb title_text=\u00a0\u00bbf\u00eate fin d&rsquo;ann\u00e9e\u00a0\u00bb _builder_version=\u00a0\u00bb4.16&Prime; _module_preset=\u00a0\u00bbdefault\u00a0\u00bb width=\u00a0\u00bb77%\u00a0\u00bb custom_margin=\u00a0\u00bb0px|0px|0px|0px|false|false\u00a0\u00bb custom_padding=\u00a0\u00bb0px|0px|0px|0px|false|false\u00a0\u00bb global_colors_info=\u00a0\u00bb{}\u00a0\u00bb][\/et_pb_image][\/et_pb_column][\/et_pb_row][\/et_pb_section][et_pb_section fb_built=\u00a0\u00bb1&Prime; _builder_version=\u00a0\u00bb4.16&Prime; _module_preset=\u00a0\u00bbdefault\u00a0\u00bb global_colors_info=\u00a0\u00bb{}\u00a0\u00bb][et_pb_row column_structure=\u00a0\u00bb1_2,1_2&Prime; _builder_version=\u00a0\u00bb4.16&Prime; _module_preset=\u00a0\u00bbdefault\u00a0\u00bb global_colors_info=\u00a0\u00bb{}\u00a0\u00bb][et_pb_column type=\u00a0\u00bb1_2&Prime; _builder_version=\u00a0\u00bb4.16&Prime; _module_preset=\u00a0\u00bbdefault\u00a0\u00bb global_colors_info=\u00a0\u00bb{}\u00a0\u00bb][et_pb_circle_counter title=\u00a0\u00bbdes participantes en 2024 sont satisfaites\u00a0\u00bb number=\u00a0\u00bb91&Prime; bar_bg_color=\u00a0\u00bb#DC5538&Prime; _builder_version=\u00a0\u00bb4.27.0&Prime; _module_preset=\u00a0\u00bbdefault\u00a0\u00bb max_width=\u00a0\u00bb150px\u00a0\u00bb module_alignment=\u00a0\u00bbcenter\u00a0\u00bb hover_enabled=\u00a0\u00bb0&Prime; global_colors_info=\u00a0\u00bb{}\u00a0\u00bb sticky_enabled=\u00a0\u00bb0&Prime;][\/et_pb_circle_counter][\/et_pb_column][et_pb_column type=\u00a0\u00bb1_2&Prime; _builder_version=\u00a0\u00bb4.16&Prime; _module_preset=\u00a0\u00bbdefault\u00a0\u00bb global_colors_info=\u00a0\u00bb{}\u00a0\u00bb][et_pb_circle_counter title=\u00a0\u00bbde sorties positives en 2024 avec des retours \u00e0 l&#8217;emploi et des acc\u00e8s en formation\u00a0\u00bb number=\u00a0\u00bb69&Prime; bar_bg_color=\u00a0\u00bb#DC5538&Prime; _builder_version=\u00a0\u00bb4.16&Prime; _module_preset=\u00a0\u00bbdefault\u00a0\u00bb max_width=\u00a0\u00bb150px\u00a0\u00bb global_colors_info=\u00a0\u00bb{}\u00a0\u00bb][\/et_pb_circle_counter][\/et_pb_column][\/et_pb_row][\/et_pb_section][et_pb_section fb_built=\u00a0\u00bb1&Prime; _builder_version=\u00a0\u00bb4.16&Prime; _module_preset=\u00a0\u00bbdefault\u00a0\u00bb custom_margin=\u00a0\u00bb0px|0px|0px|0px|false|false\u00a0\u00bb custom_padding=\u00a0\u00bb0px|0px|0px|0px|false|false\u00a0\u00bb global_colors_info=\u00a0\u00bb{}\u00a0\u00bb][et_pb_row _builder_version=\u00a0\u00bb4.16&Prime; _module_preset=\u00a0\u00bbdefault\u00a0\u00bb min_height=\u00a0\u00bb136.8px\u00a0\u00bb global_colors_info=\u00a0\u00bb{}\u00a0\u00bb][et_pb_column type=\u00a0\u00bb4_4&Prime; _builder_version=\u00a0\u00bb4.16&Prime; _module_preset=\u00a0\u00bbdefault\u00a0\u00bb global_colors_info=\u00a0\u00bb{}\u00a0\u00bb][et_pb_text _builder_version=\u00a0\u00bb4.16&Prime; _module_preset=\u00a0\u00bbdefault\u00a0\u00bb background_color=\u00a0\u00bb#FFFFEA\u00a0\u00bb width=\u00a0\u00bb57%\u00a0\u00bb max_width=\u00a0\u00bb71%\u00a0\u00bb module_alignment=\u00a0\u00bbcenter\u00a0\u00bb custom_padding=\u00a0\u00bb12px|12px|12px|12px|false|false\u00a0\u00bb global_colors_info=\u00a0\u00bb{}\u00a0\u00bb]<\/p>\n<h2 style=\"text-align: center;\">Vous voulez en savoir plus ?<\/h2>\n<p style=\"text-align: center;\">\u260e : 07 44 4149 92<\/p>\n<p>[\/et_pb_text][\/et_pb_column][\/et_pb_row][\/et_pb_section]<\/p>\n","protected":false},"excerpt":{"rendered":"<p>Un Emploi pour toutesUn Emploi pour toutes favorise l&rsquo;int\u00e9gration sociale et professionnelle par le d\u00e9veloppement des comp\u00e9tences linguistiques, l&rsquo;\u00e9laboration d&rsquo;un parcours d&rsquo;insertion, et un acc\u00e8s facilit\u00e9 \u00e0 la formation ou \u00e0 l&#8217;emploi.Un Emploi pour toutes A destination des femmes primo-arrivantes signataires du CIR ou B\u00e9n\u00e9ficiaires de la\u00a0Protection Temporaire ou de la Protection Internationale, ce parcours [&hellip;]<\/p>\n","protected":false},"author":1,"featured_media":0,"parent":101,"menu_order":4,"comment_status":"closed","ping_status":"closed","template":"","meta":{"_et_pb_use_builder":"on","_et_pb_old_content":"","_et_gb_content_width":"","footnotes":""},"class_list":["post-1608","page","type-page","status-publish","hentry"],"yoast_head":"<!-- This site is optimized with the Yoast SEO plugin v25.7 - https:\/\/yoast.com\/wordpress\/plugins\/seo\/ -->\n<title>Un Emploi Pour Toutes - IMEIF - Cours de fran\u00e7ais \u00e0 vis\u00e9e professionnelle<\/title>\n<meta name=\"description\" content=\"D\u00e9couvrez notre fili\u00e8re linguistique qui vous permet de b\u00e9n\u00e9ficier de cours de fran\u00e7ais \u00e0 vis\u00e9e professionnelle, du A1 au B2 \u00e0 Montpellier.\" \/>\n<meta name=\"robots\" content=\"index, follow, max-snippet:-1, max-image-preview:large, max-video-preview:-1\" \/>\n<link rel=\"canonical\" href=\"https:\/\/imeif.fr\/index.php\/nos-actions\/un-emploi-pour-toutes\/\" \/>\n<meta property=\"og:locale\" content=\"fr_FR\" \/>\n<meta property=\"og:type\" content=\"article\" \/>\n<meta property=\"og:title\" content=\"Un Emploi Pour Toutes - IMEIF - Cours de fran\u00e7ais \u00e0 vis\u00e9e professionnelle\" \/>\n<meta property=\"og:description\" content=\"D\u00e9couvrez notre fili\u00e8re linguistique qui vous permet de b\u00e9n\u00e9ficier de cours de fran\u00e7ais \u00e0 vis\u00e9e professionnelle, du A1 au B2 \u00e0 Montpellier.\" \/>\n<meta property=\"og:url\" content=\"https:\/\/imeif.fr\/index.php\/nos-actions\/un-emploi-pour-toutes\/\" \/>\n<meta property=\"og:site_name\" content=\"IMEIF\" \/>\n<meta property=\"article:modified_time\" content=\"2024-09-24T07:36:33+00:00\" \/>\n<meta name=\"twitter:card\" content=\"summary_large_image\" \/>\n<meta name=\"twitter:label1\" content=\"Dur\u00e9e de lecture estim\u00e9e\" \/>\n\t<meta name=\"twitter:data1\" content=\"2 minutes\" \/>\n<script type=\"application\/ld+json\" class=\"yoast-schema-graph\">{\"@context\":\"https:\/\/schema.org\",\"@graph\":[{\"@type\":\"WebPage\",\"@id\":\"https:\/\/imeif.fr\/index.php\/nos-actions\/un-emploi-pour-toutes\/\",\"url\":\"https:\/\/imeif.fr\/index.php\/nos-actions\/un-emploi-pour-toutes\/\",\"name\":\"Un Emploi Pour Toutes - IMEIF - Cours de fran\u00e7ais \u00e0 vis\u00e9e professionnelle\",\"isPartOf\":{\"@id\":\"https:\/\/imeif.fr\/#website\"},\"datePublished\":\"2023-06-30T08:56:31+00:00\",\"dateModified\":\"2024-09-24T07:36:33+00:00\",\"description\":\"D\u00e9couvrez notre fili\u00e8re linguistique qui vous permet de b\u00e9n\u00e9ficier de cours de fran\u00e7ais \u00e0 vis\u00e9e professionnelle, du A1 au B2 \u00e0 Montpellier.\",\"breadcrumb\":{\"@id\":\"https:\/\/imeif.fr\/index.php\/nos-actions\/un-emploi-pour-toutes\/#breadcrumb\"},\"inLanguage\":\"fr-FR\",\"potentialAction\":[{\"@type\":\"ReadAction\",\"target\":[\"https:\/\/imeif.fr\/index.php\/nos-actions\/un-emploi-pour-toutes\/\"]}]},{\"@type\":\"BreadcrumbList\",\"@id\":\"https:\/\/imeif.fr\/index.php\/nos-actions\/un-emploi-pour-toutes\/#breadcrumb\",\"itemListElement\":[{\"@type\":\"ListItem\",\"position\":1,\"name\":\"Accueil\",\"item\":\"https:\/\/imeif.fr\/\"},{\"@type\":\"ListItem\",\"position\":2,\"name\":\"Nos actions\",\"item\":\"https:\/\/imeif.fr\/index.php\/nos-actions\/\"},{\"@type\":\"ListItem\",\"position\":3,\"name\":\"Un Emploi Pour Toutes\"}]},{\"@type\":\"WebSite\",\"@id\":\"https:\/\/imeif.fr\/#website\",\"url\":\"https:\/\/imeif.fr\/\",\"name\":\"IMEIF\",\"description\":\"Pas de quartier pour l&#039;\u00e9mancipation des femmes\",\"publisher\":{\"@id\":\"https:\/\/imeif.fr\/#organization\"},\"potentialAction\":[{\"@type\":\"SearchAction\",\"target\":{\"@type\":\"EntryPoint\",\"urlTemplate\":\"https:\/\/imeif.fr\/?s={search_term_string}\"},\"query-input\":{\"@type\":\"PropertyValueSpecification\",\"valueRequired\":true,\"valueName\":\"search_term_string\"}}],\"inLanguage\":\"fr-FR\"},{\"@type\":\"Organization\",\"@id\":\"https:\/\/imeif.fr\/#organization\",\"name\":\"IMEIF\",\"url\":\"https:\/\/imeif.fr\/\",\"logo\":{\"@type\":\"ImageObject\",\"inLanguage\":\"fr-FR\",\"@id\":\"https:\/\/imeif.fr\/#\/schema\/logo\/image\/\",\"url\":\"https:\/\/imeif.fr\/wp-content\/uploads\/2021\/03\/logo-imeif-3000px.png\",\"contentUrl\":\"https:\/\/imeif.fr\/wp-content\/uploads\/2021\/03\/logo-imeif-3000px.png\",\"width\":3000,\"height\":3000,\"caption\":\"IMEIF\"},\"image\":{\"@id\":\"https:\/\/imeif.fr\/#\/schema\/logo\/image\/\"}}]}<\/script>\n<!-- \/ Yoast SEO plugin. -->","yoast_head_json":{"title":"Un Emploi Pour Toutes - IMEIF - Cours de fran\u00e7ais \u00e0 vis\u00e9e professionnelle","description":"D\u00e9couvrez notre fili\u00e8re linguistique qui vous permet de b\u00e9n\u00e9ficier de cours de fran\u00e7ais \u00e0 vis\u00e9e professionnelle, du A1 au B2 \u00e0 Montpellier.","robots":{"index":"index","follow":"follow","max-snippet":"max-snippet:-1","max-image-preview":"max-image-preview:large","max-video-preview":"max-video-preview:-1"},"canonical":"https:\/\/imeif.fr\/index.php\/nos-actions\/un-emploi-pour-toutes\/","og_locale":"fr_FR","og_type":"article","og_title":"Un Emploi Pour Toutes - IMEIF - Cours de fran\u00e7ais \u00e0 vis\u00e9e professionnelle","og_description":"D\u00e9couvrez notre fili\u00e8re linguistique qui vous permet de b\u00e9n\u00e9ficier de cours de fran\u00e7ais \u00e0 vis\u00e9e professionnelle, du A1 au B2 \u00e0 Montpellier.","og_url":"https:\/\/imeif.fr\/index.php\/nos-actions\/un-emploi-pour-toutes\/","og_site_name":"IMEIF","article_modified_time":"2024-09-24T07:36:33+00:00","twitter_card":"summary_large_image","twitter_misc":{"Dur\u00e9e de lecture estim\u00e9e":"2 minutes"},"schema":{"@context":"https:\/\/schema.org","@graph":[{"@type":"WebPage","@id":"https:\/\/imeif.fr\/index.php\/nos-actions\/un-emploi-pour-toutes\/","url":"https:\/\/imeif.fr\/index.php\/nos-actions\/un-emploi-pour-toutes\/","name":"Un Emploi Pour Toutes - IMEIF - Cours de fran\u00e7ais \u00e0 vis\u00e9e professionnelle","isPartOf":{"@id":"https:\/\/imeif.fr\/#website"},"datePublished":"2023-06-30T08:56:31+00:00","dateModified":"2024-09-24T07:36:33+00:00","description":"D\u00e9couvrez notre fili\u00e8re linguistique qui vous permet de b\u00e9n\u00e9ficier de cours de fran\u00e7ais \u00e0 vis\u00e9e professionnelle, du A1 au B2 \u00e0 Montpellier.","breadcrumb":{"@id":"https:\/\/imeif.fr\/index.php\/nos-actions\/un-emploi-pour-toutes\/#breadcrumb"},"inLanguage":"fr-FR","potentialAction":[{"@type":"ReadAction","target":["https:\/\/imeif.fr\/index.php\/nos-actions\/un-emploi-pour-toutes\/"]}]},{"@type":"BreadcrumbList","@id":"https:\/\/imeif.fr\/index.php\/nos-actions\/un-emploi-pour-toutes\/#breadcrumb","itemListElement":[{"@type":"ListItem","position":1,"name":"Accueil","item":"https:\/\/imeif.fr\/"},{"@type":"ListItem","position":2,"name":"Nos actions","item":"https:\/\/imeif.fr\/index.php\/nos-actions\/"},{"@type":"ListItem","position":3,"name":"Un Emploi Pour Toutes"}]},{"@type":"WebSite","@id":"https:\/\/imeif.fr\/#website","url":"https:\/\/imeif.fr\/","name":"IMEIF","description":"Pas de quartier pour l&#039;\u00e9mancipation des femmes","publisher":{"@id":"https:\/\/imeif.fr\/#organization"},"potentialAction":[{"@type":"SearchAction","target":{"@type":"EntryPoint","urlTemplate":"https:\/\/imeif.fr\/?s={search_term_string}"},"query-input":{"@type":"PropertyValueSpecification","valueRequired":true,"valueName":"search_term_string"}}],"inLanguage":"fr-FR"},{"@type":"Organization","@id":"https:\/\/imeif.fr\/#organization","name":"IMEIF","url":"https:\/\/imeif.fr\/","logo":{"@type":"ImageObject","inLanguage":"fr-FR","@id":"https:\/\/imeif.fr\/#\/schema\/logo\/image\/","url":"https:\/\/imeif.fr\/wp-content\/uploads\/2021\/03\/logo-imeif-3000px.png","contentUrl":"https:\/\/imeif.fr\/wp-content\/uploads\/2021\/03\/logo-imeif-3000px.png","width":3000,"height":3000,"caption":"IMEIF"},"image":{"@id":"https:\/\/imeif.fr\/#\/schema\/logo\/image\/"}}]}},"_links":{"self":[{"href":"https:\/\/imeif.fr\/index.php\/wp-json\/wp\/v2\/pages\/1608","targetHints":{"allow":["GET"]}}],"collection":[{"href":"https:\/\/imeif.fr\/index.php\/wp-json\/wp\/v2\/pages"}],"about":[{"href":"https:\/\/imeif.fr\/index.php\/wp-json\/wp\/v2\/types\/page"}],"author":[{"embeddable":true,"href":"https:\/\/imeif.fr\/index.php\/wp-json\/wp\/v2\/users\/1"}],"replies":[{"embeddable":true,"href":"https:\/\/imeif.fr\/index.php\/wp-json\/wp\/v2\/comments?post=1608"}],"version-history":[{"count":24,"href":"https:\/\/imeif.fr\/index.php\/wp-json\/wp\/v2\/pages\/1608\/revisions"}],"predecessor-version":[{"id":1979,"href":"https:\/\/imeif.fr\/index.php\/wp-json\/wp\/v2\/pages\/1608\/revisions\/1979"}],"up":[{"embeddable":true,"href":"https:\/\/imeif.fr\/index.php\/wp-json\/wp\/v2\/pages\/101"}],"wp:attachment":[{"href":"https:\/\/imeif.fr\/index.php\/wp-json\/wp\/v2\/media?parent=1608"}],"curies":[{"name":"wp","href":"https:\/\/api.w.org\/{rel}","templated":true}]}}