{"id":210,"date":"2021-03-15T13:48:41","date_gmt":"2021-03-15T12:48:41","guid":{"rendered":"https:\/\/imeif.fr\/?page_id=210"},"modified":"2024-09-24T09:28:19","modified_gmt":"2024-09-24T07:28:19","slug":"metiers-a-creer","status":"publish","type":"page","link":"https:\/\/imeif.fr\/index.php\/nos-actions\/metiers-a-creer\/","title":{"rendered":"M\u00e9tiers \u00e0 Cr\u00e9er"},"content":{"rendered":"<p>[et_pb_section fb_built=\u00a0\u00bb1&Prime; admin_label=\u00a0\u00bbHeader\u00a0\u00bb _builder_version=\u00a0\u00bb4.16&Prime; background_color=\u00a0\u00bb#f7f9f9&Prime; background_image=\u00a0\u00bbhttps:\/\/imeif.fr\/wp-content\/uploads\/2021\/03\/charity-09.png\u00a0\u00bb parallax=\u00a0\u00bbon\u00a0\u00bb custom_padding=\u00a0\u00bb||0px|||\u00a0\u00bb collapsed=\u00a0\u00bboff\u00a0\u00bb global_colors_info=\u00a0\u00bb{}\u00a0\u00bb][et_pb_row _builder_version=\u00a0\u00bb4.16&Prime; custom_padding=\u00a0\u00bb||0px|||\u00a0\u00bb global_colors_info=\u00a0\u00bb{}\u00a0\u00bb][et_pb_column type=\u00a0\u00bb4_4&Prime; _builder_version=\u00a0\u00bb4.16&Prime; custom_padding=\u00a0\u00bb80px||40px|\u00a0\u00bb custom_padding_tablet=\u00a0\u00bb0px||\u00a0\u00bb custom_padding_phone=\u00a0\u00bb\u00a0\u00bb custom_padding_last_edited=\u00a0\u00bbon|tablet\u00a0\u00bb global_colors_info=\u00a0\u00bb{}\u00a0\u00bb padding_tablet=\u00a0\u00bb0px||\u00a0\u00bb padding_last_edited=\u00a0\u00bbon|tablet\u00a0\u00bb custom_padding__hover=\u00a0\u00bb|||\u00a0\u00bb padding_phone=\u00a0\u00bb0px||\u00a0\u00bb][et_pb_text _builder_version=\u00a0\u00bb4.16&Prime; text_font=\u00a0\u00bb||||||||\u00a0\u00bb text_text_color=\u00a0\u00bb#dc5538&Prime; text_font_size=\u00a0\u00bb15px\u00a0\u00bb text_line_height=\u00a0\u00bb2em\u00a0\u00bb header_font=\u00a0\u00bbFaustina|600|||||||\u00a0\u00bb header_text_color=\u00a0\u00bb#DC5538&Prime; header_font_size=\u00a0\u00bb100px\u00a0\u00bb header_line_height=\u00a0\u00bb1.3em\u00a0\u00bb text_orientation=\u00a0\u00bbcenter\u00a0\u00bb max_width=\u00a0\u00bb800px\u00a0\u00bb module_alignment=\u00a0\u00bbcenter\u00a0\u00bb header_font_size_tablet=\u00a0\u00bb50px\u00a0\u00bb header_font_size_phone=\u00a0\u00bb40px\u00a0\u00bb header_font_size_last_edited=\u00a0\u00bbon|phone\u00a0\u00bb global_colors_info=\u00a0\u00bb{}\u00a0\u00bb]<\/p>\n<h1>M\u00e9tiers \u00e0 Cr\u00e9er<\/h1>\n<p>[\/et_pb_text][\/et_pb_column][\/et_pb_row][et_pb_row use_custom_gutter=\u00a0\u00bbon\u00a0\u00bb gutter_width=\u00a0\u00bb2&Prime; _builder_version=\u00a0\u00bb4.16&Prime; global_colors_info=\u00a0\u00bb{}\u00a0\u00bb][et_pb_column type=\u00a0\u00bb4_4&Prime; _builder_version=\u00a0\u00bb4.16&Prime; custom_padding=\u00a0\u00bb|||\u00a0\u00bb global_colors_info=\u00a0\u00bb{}\u00a0\u00bb custom_padding__hover=\u00a0\u00bb|||\u00a0\u00bb][et_pb_divider _builder_version=\u00a0\u00bb4.16&Prime; _module_preset=\u00a0\u00bbdefault\u00a0\u00bb custom_margin=\u00a0\u00bb9px|||||\u00a0\u00bb global_colors_info=\u00a0\u00bb{}\u00a0\u00bb][\/et_pb_divider][\/et_pb_column][\/et_pb_row][et_pb_row _builder_version=\u00a0\u00bb4.16&Prime; _module_preset=\u00a0\u00bbdefault\u00a0\u00bb global_colors_info=\u00a0\u00bb{}\u00a0\u00bb][et_pb_column type=\u00a0\u00bb4_4&Prime; _builder_version=\u00a0\u00bb4.16&Prime; _module_preset=\u00a0\u00bbdefault\u00a0\u00bb global_colors_info=\u00a0\u00bb{}\u00a0\u00bb][et_pb_text _builder_version=\u00a0\u00bb4.16&Prime; _module_preset=\u00a0\u00bbdefault\u00a0\u00bb global_colors_info=\u00a0\u00bb{}\u00a0\u00bb]<\/p>\n<h2 style=\"text-align: center;\">\u00ab\u00a0M\u00e9tiers \u00e0 Cr\u00e9er\u00a0\u00bb accompagne chaque ann\u00e9e un groupe de femmes des quartiers prioritaires de la ville de Montpellier vers la cr\u00e9ation d&rsquo;une collection textile au design contemporain en travaillant sur&nbsp; toutes les \u00e9tapes de conception et de production d&rsquo;une collection professionnelle.<\/h2>\n<p>[\/et_pb_text][\/et_pb_column][\/et_pb_row][\/et_pb_section][et_pb_section fb_built=\u00a0\u00bb1&Prime; specialty=\u00a0\u00bbon\u00a0\u00bb _builder_version=\u00a0\u00bb4.16&Prime; _module_preset=\u00a0\u00bbdefault\u00a0\u00bb background_color=\u00a0\u00bb#ffffff\u00a0\u00bb custom_padding=\u00a0\u00bb||0px|||\u00a0\u00bb global_colors_info=\u00a0\u00bb{}\u00a0\u00bb][et_pb_column type=\u00a0\u00bb1_2&Prime; specialty_columns=\u00a0\u00bb2&Prime; _builder_version=\u00a0\u00bb4.16&Prime; custom_padding=\u00a0\u00bb|||\u00a0\u00bb global_colors_info=\u00a0\u00bb{}\u00a0\u00bb custom_padding__hover=\u00a0\u00bb|||\u00a0\u00bb][et_pb_row_inner _builder_version=\u00a0\u00bb4.16&Prime; _module_preset=\u00a0\u00bbdefault\u00a0\u00bb custom_padding=\u00a0\u00bb0px|||||\u00a0\u00bb global_colors_info=\u00a0\u00bb{}\u00a0\u00bb][et_pb_column_inner saved_specialty_column_type=\u00a0\u00bb1_2&Prime; _builder_version=\u00a0\u00bb4.16&Prime; _module_preset=\u00a0\u00bbdefault\u00a0\u00bb global_colors_info=\u00a0\u00bb{}\u00a0\u00bb][et_pb_text _builder_version=\u00a0\u00bb4.16&Prime; text_font=\u00a0\u00bb||||||||\u00a0\u00bb text_text_color=\u00a0\u00bb#000000&Prime; text_line_height=\u00a0\u00bb2em\u00a0\u00bb header_font=\u00a0\u00bb||||||||\u00a0\u00bb header_text_color=\u00a0\u00bb#000000&Prime; header_3_font=\u00a0\u00bbFaustina|600|||||||\u00a0\u00bb header_3_text_color=\u00a0\u00bb#0e7162&Prime; header_3_line_height=\u00a0\u00bb1.2em\u00a0\u00bb background_color=\u00a0\u00bb#ffffff\u00a0\u00bb max_width=\u00a0\u00bb1021px\u00a0\u00bb module_alignment=\u00a0\u00bbcenter\u00a0\u00bb min_height=\u00a0\u00bb399px\u00a0\u00bb custom_margin=\u00a0\u00bb|-19px||-125px||\u00a0\u00bb custom_padding=\u00a0\u00bb11px|25px|11px|25px|true|true\u00a0\u00bb animation_style=\u00a0\u00bbslide\u00a0\u00bb animation_direction=\u00a0\u00bbbottom\u00a0\u00bb animation_intensity_slide=\u00a0\u00bb2%\u00a0\u00bb header_3_font_size_tablet=\u00a0\u00bb22px\u00a0\u00bb header_3_font_size_phone=\u00a0\u00bb22px\u00a0\u00bb header_3_font_size_last_edited=\u00a0\u00bboff|desktop\u00a0\u00bb border_radii=\u00a0\u00bbon|3px|3px|3px|3px\u00a0\u00bb box_shadow_style=\u00a0\u00bbpreset3&Prime; box_shadow_vertical=\u00a0\u00bb40px\u00a0\u00bb box_shadow_blur=\u00a0\u00bb100px\u00a0\u00bb box_shadow_spread=\u00a0\u00bb-30px\u00a0\u00bb box_shadow_color=\u00a0\u00bbrgba(0,0,0,0.22)\u00a0\u00bb locked=\u00a0\u00bboff\u00a0\u00bb global_colors_info=\u00a0\u00bb{}\u00a0\u00bb header_2_font_size__hover=\u00a0\u00bb26px\u00a0\u00bb header_2_font_size__hover_enabled=\u00a0\u00bb26px\u00a0\u00bb header_2_letter_spacing__hover=\u00a0\u00bb0px\u00a0\u00bb header_2_letter_spacing__hover_enabled=\u00a0\u00bb0px\u00a0\u00bb header_2_line_height__hover=\u00a0\u00bb1em\u00a0\u00bb header_2_line_height__hover_enabled=\u00a0\u00bb1em\u00a0\u00bb header_2_text_shadow_style__hover=\u00a0\u00bbnone\u00a0\u00bb header_2_text_shadow_style__hover_enabled=\u00a0\u00bbnone\u00a0\u00bb header_2_text_shadow_color__hover=\u00a0\u00bbrgba(0,0,0,0.4)\u00a0\u00bb header_2_text_shadow_color__hover_enabled=\u00a0\u00bbrgba(0,0,0,0.4)\u00a0\u00bb]<span style=\"font-size: 14px;\">\u00ab\u00a0M\u00e9tiers \u00e0 Cr\u00e9er\u00a0\u00bb est un parcours professionnalisant gratuit \u00e0 destination des femmes de la Mosson qui s\u2019appuie sur les comp\u00e9tences des participantes en couture, dessin, broderie, de crochet ou encore tricot dans le but d\u2019ouvrir leur horizon professionnel.<\/span><\/p>\n<p>Dans ce cadre, l\u2019association fait appel \u00e0 la d\u00e9signeuse Ma\u00efa Amiel, designeuse form\u00e9e par l\u2019\u00c9cole des Beaux-Arts de N\u00eemes et l\u2019\u00c9cole des Arts d\u00e9coratifs de Strasbourg pour accompagner le groupe vers la cr\u00e9ation d\u2019une \u00ab collection collective de pi\u00e8ces uniques \u00bb dans le cadre du projet Co-Design.<\/p>\n<p>L\u2019objectif du projet \u00e9tant de placer les participantes dans une perspective de production d\u2019objets commercialisables et de les sensibiliser au cycle complet de la cr\u00e9ation d\u2019une collection design centr\u00e9e sur la th\u00e9matique des \u00ab objets du quotidien \u00bb.<\/p>\n<p>Pour r\u00e9ussir cette immersion, le collectif se rassemble tous les jeudis pendant six mois dans les ateliers de l\u2019association, nouvellement \u00e9quip\u00e9 en mat\u00e9riel professionnel par l\u2019entreprise EDF. Au programme, couture et design d\u2019objets, rencontres professionnelles, visites d\u2019ateliers d\u2019artistes, ou encore s\u00e9ance de sensibilisation \u00e0 l\u2019entrepreneuriat au f\u00e9minin.<\/p>\n<p>Des cours de fran\u00e7ais en lien avec le secteur du design sont \u00e9galement propos\u00e9s aux participantes qui le souhaitent. \u00c0 l\u2019issue du programme, un cycle d\u2019exposition-vente sera organis\u00e9 dans plusieurs lieux montpelli\u00e9rains d\u00e9di\u00e9s \u00e0 l\u2019artisanat d\u2019art et au design d\u2019objets afin de pr\u00e9senter les cr\u00e9ations du collectif et valoriser le travail des participantes.[\/et_pb_text][\/et_pb_column_inner][\/et_pb_row_inner][\/et_pb_column][et_pb_column type=\u00a0\u00bb1_2&Prime; _builder_version=\u00a0\u00bb4.16&Prime; custom_padding=\u00a0\u00bb|||\u00a0\u00bb global_colors_info=\u00a0\u00bb{}\u00a0\u00bb custom_padding__hover=\u00a0\u00bb|||\u00a0\u00bb][et_pb_gallery gallery_ids=\u00a0\u00bb633,646,640,642,643,599&Prime; gallery_orderby=\u00a0\u00bbrand\u00a0\u00bb fullwidth=\u00a0\u00bbon\u00a0\u00bb _builder_version=\u00a0\u00bb4.16&Prime; _module_preset=\u00a0\u00bbdefault\u00a0\u00bb global_colors_info=\u00a0\u00bb{}\u00a0\u00bb][\/et_pb_gallery][et_pb_text _builder_version=\u00a0\u00bb4.16&Prime; _module_preset=\u00a0\u00bbdefault\u00a0\u00bb text_font=\u00a0\u00bb|700|||||||\u00a0\u00bb text_text_color=\u00a0\u00bb#dc5538&Prime; text_font_size=\u00a0\u00bb25px\u00a0\u00bb text_line_height=\u00a0\u00bb1.8em\u00a0\u00bb header_text_color=\u00a0\u00bb#000000&Prime; global_colors_info=\u00a0\u00bb{}\u00a0\u00bb]Le programme \u00ab M\u00e9tiers \u00e0 Cr\u00e9er \u00bb vise essentiellement l\u2019empowerment des femmes, la r\u00e9duction des in\u00e9galit\u00e9s dans le quartier, et cela par le renforcement des liens sociaux, l\u2019\u00e9change et la solidarit\u00e9.[\/et_pb_text][\/et_pb_column][\/et_pb_section][et_pb_section fb_built=\u00a0\u00bb1&Prime; _builder_version=\u00a0\u00bb4.16&Prime; _module_preset=\u00a0\u00bbdefault\u00a0\u00bb global_colors_info=\u00a0\u00bb{}\u00a0\u00bb][et_pb_row _builder_version=\u00a0\u00bb4.16&Prime; _module_preset=\u00a0\u00bbdefault\u00a0\u00bb global_colors_info=\u00a0\u00bb{}\u00a0\u00bb][et_pb_column type=\u00a0\u00bb4_4&Prime; _builder_version=\u00a0\u00bb4.16&Prime; _module_preset=\u00a0\u00bbdefault\u00a0\u00bb global_colors_info=\u00a0\u00bb{}\u00a0\u00bb][et_pb_text _builder_version=\u00a0\u00bb4.16&Prime; _module_preset=\u00a0\u00bbdefault\u00a0\u00bb background_color=\u00a0\u00bb#ffffea\u00a0\u00bb width=\u00a0\u00bb69%\u00a0\u00bb max_width=\u00a0\u00bb68%\u00a0\u00bb module_alignment=\u00a0\u00bbcenter\u00a0\u00bb custom_padding=\u00a0\u00bb10px|10px|10px|10px|false|false\u00a0\u00bb global_colors_info=\u00a0\u00bb{}\u00a0\u00bb]<\/p>\n<h2 style=\"text-align: center;\"><strong>Vous voulez en savoir plus ?<br \/><\/strong><\/h2>\n<p style=\"text-align: center;\">\u260e : 04 99 74 46 09<\/p>\n<p style=\"text-align: center;\">\u2709 : contact@imeif.fr<\/p>\n<p>[\/et_pb_text][\/et_pb_column][\/et_pb_row][\/et_pb_section]<\/p>\n","protected":false},"excerpt":{"rendered":"<p>M\u00e9tiers \u00e0 Cr\u00e9er\u00a0\u00bbM\u00e9tiers \u00e0 Cr\u00e9er\u00a0\u00bb accompagne chaque ann\u00e9e un groupe de femmes des quartiers prioritaires de la ville de Montpellier vers la cr\u00e9ation d&rsquo;une collection textile au design contemporain en travaillant sur&nbsp; toutes les \u00e9tapes de conception et de production d&rsquo;une collection professionnelle.\u00a0\u00bbM\u00e9tiers \u00e0 Cr\u00e9er\u00a0\u00bb est un parcours professionnalisant gratuit \u00e0 destination des femmes de [&hellip;]<\/p>\n","protected":false},"author":1,"featured_media":0,"parent":101,"menu_order":1,"comment_status":"closed","ping_status":"closed","template":"","meta":{"_et_pb_use_builder":"on","_et_pb_old_content":"","_et_gb_content_width":"","footnotes":""},"class_list":["post-210","page","type-page","status-publish","hentry"],"yoast_head":"<!-- This site is optimized with the Yoast SEO plugin v25.7 - https:\/\/yoast.com\/wordpress\/plugins\/seo\/ -->\n<title>M\u00e9tiers \u00e0 Cr\u00e9er - IMEIF<\/title>\n<meta name=\"description\" content=\"L\u2019IMEIF redonne le pouvoir d\u2019agir aux femmes des quartiers prioritaires gr\u00e2ce \u00e0 la qualification, l\u2019emploi et l\u2019entrepreneuriat.\" \/>\n<meta name=\"robots\" content=\"index, follow, max-snippet:-1, max-image-preview:large, max-video-preview:-1\" \/>\n<link rel=\"canonical\" href=\"https:\/\/imeif.fr\/index.php\/nos-actions\/metiers-a-creer\/\" \/>\n<meta property=\"og:locale\" content=\"fr_FR\" \/>\n<meta property=\"og:type\" content=\"article\" \/>\n<meta property=\"og:title\" content=\"M\u00e9tiers \u00e0 Cr\u00e9er - IMEIF\" \/>\n<meta property=\"og:description\" content=\"L\u2019IMEIF redonne le pouvoir d\u2019agir aux femmes des quartiers prioritaires gr\u00e2ce \u00e0 la qualification, l\u2019emploi et l\u2019entrepreneuriat.\" \/>\n<meta property=\"og:url\" content=\"https:\/\/imeif.fr\/index.php\/nos-actions\/metiers-a-creer\/\" \/>\n<meta property=\"og:site_name\" content=\"IMEIF\" \/>\n<meta property=\"article:modified_time\" content=\"2024-09-24T07:28:19+00:00\" \/>\n<meta name=\"twitter:card\" content=\"summary_large_image\" \/>\n<meta name=\"twitter:label1\" content=\"Dur\u00e9e de lecture estim\u00e9e\" \/>\n\t<meta name=\"twitter:data1\" content=\"3 minutes\" \/>\n<script type=\"application\/ld+json\" class=\"yoast-schema-graph\">{\"@context\":\"https:\/\/schema.org\",\"@graph\":[{\"@type\":\"WebPage\",\"@id\":\"https:\/\/imeif.fr\/index.php\/nos-actions\/metiers-a-creer\/\",\"url\":\"https:\/\/imeif.fr\/index.php\/nos-actions\/metiers-a-creer\/\",\"name\":\"M\u00e9tiers \u00e0 Cr\u00e9er - IMEIF\",\"isPartOf\":{\"@id\":\"https:\/\/imeif.fr\/#website\"},\"datePublished\":\"2021-03-15T12:48:41+00:00\",\"dateModified\":\"2024-09-24T07:28:19+00:00\",\"description\":\"L\u2019IMEIF redonne le pouvoir d\u2019agir aux femmes des quartiers prioritaires gr\u00e2ce \u00e0 la qualification, l\u2019emploi et l\u2019entrepreneuriat.\",\"breadcrumb\":{\"@id\":\"https:\/\/imeif.fr\/index.php\/nos-actions\/metiers-a-creer\/#breadcrumb\"},\"inLanguage\":\"fr-FR\",\"potentialAction\":[{\"@type\":\"ReadAction\",\"target\":[\"https:\/\/imeif.fr\/index.php\/nos-actions\/metiers-a-creer\/\"]}]},{\"@type\":\"BreadcrumbList\",\"@id\":\"https:\/\/imeif.fr\/index.php\/nos-actions\/metiers-a-creer\/#breadcrumb\",\"itemListElement\":[{\"@type\":\"ListItem\",\"position\":1,\"name\":\"Accueil\",\"item\":\"https:\/\/imeif.fr\/\"},{\"@type\":\"ListItem\",\"position\":2,\"name\":\"Nos actions\",\"item\":\"https:\/\/imeif.fr\/index.php\/nos-actions\/\"},{\"@type\":\"ListItem\",\"position\":3,\"name\":\"M\u00e9tiers \u00e0 Cr\u00e9er\"}]},{\"@type\":\"WebSite\",\"@id\":\"https:\/\/imeif.fr\/#website\",\"url\":\"https:\/\/imeif.fr\/\",\"name\":\"IMEIF\",\"description\":\"Pas de quartier pour l&#039;\u00e9mancipation des femmes\",\"publisher\":{\"@id\":\"https:\/\/imeif.fr\/#organization\"},\"potentialAction\":[{\"@type\":\"SearchAction\",\"target\":{\"@type\":\"EntryPoint\",\"urlTemplate\":\"https:\/\/imeif.fr\/?s={search_term_string}\"},\"query-input\":{\"@type\":\"PropertyValueSpecification\",\"valueRequired\":true,\"valueName\":\"search_term_string\"}}],\"inLanguage\":\"fr-FR\"},{\"@type\":\"Organization\",\"@id\":\"https:\/\/imeif.fr\/#organization\",\"name\":\"IMEIF\",\"url\":\"https:\/\/imeif.fr\/\",\"logo\":{\"@type\":\"ImageObject\",\"inLanguage\":\"fr-FR\",\"@id\":\"https:\/\/imeif.fr\/#\/schema\/logo\/image\/\",\"url\":\"https:\/\/imeif.fr\/wp-content\/uploads\/2021\/03\/logo-imeif-3000px.png\",\"contentUrl\":\"https:\/\/imeif.fr\/wp-content\/uploads\/2021\/03\/logo-imeif-3000px.png\",\"width\":3000,\"height\":3000,\"caption\":\"IMEIF\"},\"image\":{\"@id\":\"https:\/\/imeif.fr\/#\/schema\/logo\/image\/\"}}]}<\/script>\n<!-- \/ Yoast SEO plugin. -->","yoast_head_json":{"title":"M\u00e9tiers \u00e0 Cr\u00e9er - IMEIF","description":"L\u2019IMEIF redonne le pouvoir d\u2019agir aux femmes des quartiers prioritaires gr\u00e2ce \u00e0 la qualification, l\u2019emploi et l\u2019entrepreneuriat.","robots":{"index":"index","follow":"follow","max-snippet":"max-snippet:-1","max-image-preview":"max-image-preview:large","max-video-preview":"max-video-preview:-1"},"canonical":"https:\/\/imeif.fr\/index.php\/nos-actions\/metiers-a-creer\/","og_locale":"fr_FR","og_type":"article","og_title":"M\u00e9tiers \u00e0 Cr\u00e9er - IMEIF","og_description":"L\u2019IMEIF redonne le pouvoir d\u2019agir aux femmes des quartiers prioritaires gr\u00e2ce \u00e0 la qualification, l\u2019emploi et l\u2019entrepreneuriat.","og_url":"https:\/\/imeif.fr\/index.php\/nos-actions\/metiers-a-creer\/","og_site_name":"IMEIF","article_modified_time":"2024-09-24T07:28:19+00:00","twitter_card":"summary_large_image","twitter_misc":{"Dur\u00e9e de lecture estim\u00e9e":"3 minutes"},"schema":{"@context":"https:\/\/schema.org","@graph":[{"@type":"WebPage","@id":"https:\/\/imeif.fr\/index.php\/nos-actions\/metiers-a-creer\/","url":"https:\/\/imeif.fr\/index.php\/nos-actions\/metiers-a-creer\/","name":"M\u00e9tiers \u00e0 Cr\u00e9er - IMEIF","isPartOf":{"@id":"https:\/\/imeif.fr\/#website"},"datePublished":"2021-03-15T12:48:41+00:00","dateModified":"2024-09-24T07:28:19+00:00","description":"L\u2019IMEIF redonne le pouvoir d\u2019agir aux femmes des quartiers prioritaires gr\u00e2ce \u00e0 la qualification, l\u2019emploi et l\u2019entrepreneuriat.","breadcrumb":{"@id":"https:\/\/imeif.fr\/index.php\/nos-actions\/metiers-a-creer\/#breadcrumb"},"inLanguage":"fr-FR","potentialAction":[{"@type":"ReadAction","target":["https:\/\/imeif.fr\/index.php\/nos-actions\/metiers-a-creer\/"]}]},{"@type":"BreadcrumbList","@id":"https:\/\/imeif.fr\/index.php\/nos-actions\/metiers-a-creer\/#breadcrumb","itemListElement":[{"@type":"ListItem","position":1,"name":"Accueil","item":"https:\/\/imeif.fr\/"},{"@type":"ListItem","position":2,"name":"Nos actions","item":"https:\/\/imeif.fr\/index.php\/nos-actions\/"},{"@type":"ListItem","position":3,"name":"M\u00e9tiers \u00e0 Cr\u00e9er"}]},{"@type":"WebSite","@id":"https:\/\/imeif.fr\/#website","url":"https:\/\/imeif.fr\/","name":"IMEIF","description":"Pas de quartier pour l&#039;\u00e9mancipation des femmes","publisher":{"@id":"https:\/\/imeif.fr\/#organization"},"potentialAction":[{"@type":"SearchAction","target":{"@type":"EntryPoint","urlTemplate":"https:\/\/imeif.fr\/?s={search_term_string}"},"query-input":{"@type":"PropertyValueSpecification","valueRequired":true,"valueName":"search_term_string"}}],"inLanguage":"fr-FR"},{"@type":"Organization","@id":"https:\/\/imeif.fr\/#organization","name":"IMEIF","url":"https:\/\/imeif.fr\/","logo":{"@type":"ImageObject","inLanguage":"fr-FR","@id":"https:\/\/imeif.fr\/#\/schema\/logo\/image\/","url":"https:\/\/imeif.fr\/wp-content\/uploads\/2021\/03\/logo-imeif-3000px.png","contentUrl":"https:\/\/imeif.fr\/wp-content\/uploads\/2021\/03\/logo-imeif-3000px.png","width":3000,"height":3000,"caption":"IMEIF"},"image":{"@id":"https:\/\/imeif.fr\/#\/schema\/logo\/image\/"}}]}},"_links":{"self":[{"href":"https:\/\/imeif.fr\/index.php\/wp-json\/wp\/v2\/pages\/210","targetHints":{"allow":["GET"]}}],"collection":[{"href":"https:\/\/imeif.fr\/index.php\/wp-json\/wp\/v2\/pages"}],"about":[{"href":"https:\/\/imeif.fr\/index.php\/wp-json\/wp\/v2\/types\/page"}],"author":[{"embeddable":true,"href":"https:\/\/imeif.fr\/index.php\/wp-json\/wp\/v2\/users\/1"}],"replies":[{"embeddable":true,"href":"https:\/\/imeif.fr\/index.php\/wp-json\/wp\/v2\/comments?post=210"}],"version-history":[{"count":21,"href":"https:\/\/imeif.fr\/index.php\/wp-json\/wp\/v2\/pages\/210\/revisions"}],"predecessor-version":[{"id":1976,"href":"https:\/\/imeif.fr\/index.php\/wp-json\/wp\/v2\/pages\/210\/revisions\/1976"}],"up":[{"embeddable":true,"href":"https:\/\/imeif.fr\/index.php\/wp-json\/wp\/v2\/pages\/101"}],"wp:attachment":[{"href":"https:\/\/imeif.fr\/index.php\/wp-json\/wp\/v2\/media?parent=210"}],"curies":[{"name":"wp","href":"https:\/\/api.w.org\/{rel}","templated":true}]}}