{"id":356,"date":"2021-04-06T10:57:33","date_gmt":"2021-04-06T08:57:33","guid":{"rendered":"https:\/\/imeif.fr\/?page_id=356"},"modified":"2023-12-20T17:09:58","modified_gmt":"2023-12-20T16:09:58","slug":"actualites","status":"publish","type":"page","link":"https:\/\/imeif.fr\/index.php\/actualites\/","title":{"rendered":"Actualit\u00e9s"},"content":{"rendered":"<p>[et_pb_section fb_built=\u00a0\u00bb1&Prime; admin_label=\u00a0\u00bbHeader\u00a0\u00bb _builder_version=\u00a0\u00bb3.22&Prime; background_color=\u00a0\u00bb#f7f9f9&Prime; background_image=\u00a0\u00bbhttps:\/\/imeif.fr\/wp-content\/uploads\/2021\/03\/charity-09.png\u00a0\u00bb parallax=\u00a0\u00bbon\u00a0\u00bb custom_padding=\u00a0\u00bb||0px|||\u00a0\u00bb collapsed=\u00a0\u00bboff\u00a0\u00bb][et_pb_row _builder_version=\u00a0\u00bb3.25&Prime; custom_padding=\u00a0\u00bb||0px|||\u00a0\u00bb][et_pb_column type=\u00a0\u00bb4_4&Prime; _builder_version=\u00a0\u00bb3.25&Prime; custom_padding=\u00a0\u00bb80px||40px|\u00a0\u00bb custom_padding_tablet=\u00a0\u00bb0px||\u00a0\u00bb custom_padding_phone=\u00a0\u00bb\u00a0\u00bb custom_padding_last_edited=\u00a0\u00bbon|tablet\u00a0\u00bb padding_tablet=\u00a0\u00bb0px||\u00a0\u00bb padding_last_edited=\u00a0\u00bbon|tablet\u00a0\u00bb custom_padding__hover=\u00a0\u00bb|||\u00a0\u00bb][et_pb_text _builder_version=\u00a0\u00bb4.6.6&Prime; text_font=\u00a0\u00bb||||||||\u00a0\u00bb text_text_color=\u00a0\u00bb#dc5538&Prime; text_font_size=\u00a0\u00bb15px\u00a0\u00bb text_line_height=\u00a0\u00bb2em\u00a0\u00bb header_font=\u00a0\u00bbFaustina|600|||||||\u00a0\u00bb header_text_color=\u00a0\u00bb#DC5538&Prime; header_font_size=\u00a0\u00bb100px\u00a0\u00bb header_line_height=\u00a0\u00bb1.3em\u00a0\u00bb text_orientation=\u00a0\u00bbcenter\u00a0\u00bb max_width=\u00a0\u00bb800px\u00a0\u00bb module_alignment=\u00a0\u00bbcenter\u00a0\u00bb header_font_size_tablet=\u00a0\u00bb50px\u00a0\u00bb header_font_size_phone=\u00a0\u00bb40px\u00a0\u00bb header_font_size_last_edited=\u00a0\u00bbon|phone\u00a0\u00bb]<\/p>\n<h1>Nos actualit\u00e9s<\/h1>\n<p>[\/et_pb_text][\/et_pb_column][\/et_pb_row][\/et_pb_section][et_pb_section fb_built=\u00a0\u00bb1&Prime; _builder_version=\u00a0\u00bb4.6.6&Prime; _module_preset=\u00a0\u00bbdefault\u00a0\u00bb custom_padding=\u00a0\u00bb4px||3px|||\u00a0\u00bb][et_pb_row _builder_version=\u00a0\u00bb4.6.6&Prime; _module_preset=\u00a0\u00bbdefault\u00a0\u00bb custom_padding=\u00a0\u00bb4px|||||\u00a0\u00bb][et_pb_column type=\u00a0\u00bb4_4&Prime; _builder_version=\u00a0\u00bb4.6.6&Prime; _module_preset=\u00a0\u00bbdefault\u00a0\u00bb][et_pb_text _builder_version=\u00a0\u00bb4.6.6&Prime; _module_preset=\u00a0\u00bbdefault\u00a0\u00bb text_font=\u00a0\u00bb|600|||||||\u00a0\u00bb text_text_color=\u00a0\u00bb#000000&Prime; text_font_size=\u00a0\u00bb30px\u00a0\u00bb text_line_height=\u00a0\u00bb1.8em\u00a0\u00bb text_orientation=\u00a0\u00bbcenter\u00a0\u00bb]D\u00e9couvrez les derni\u00e8res nouvelles de notre structure[\/et_pb_text][\/et_pb_column][\/et_pb_row][\/et_pb_section][et_pb_section fb_built=\u00a0\u00bb1&Prime; _builder_version=\u00a0\u00bb4.6.6&Prime; _module_preset=\u00a0\u00bbdefault\u00a0\u00bb custom_margin=\u00a0\u00bb0px|0px|0px|0px|false|false\u00a0\u00bb custom_padding=\u00a0\u00bb0px|0px|0px|0px|false|false\u00a0\u00bb][et_pb_row _builder_version=\u00a0\u00bb4.6.6&Prime; _module_preset=\u00a0\u00bbdefault\u00a0\u00bb min_height=\u00a0\u00bb1335.5px\u00a0\u00bb custom_margin=\u00a0\u00bb|auto|-135px|auto||\u00a0\u00bb custom_padding=\u00a0\u00bb||0px|||\u00a0\u00bb][et_pb_column type=\u00a0\u00bb4_4&Prime; _builder_version=\u00a0\u00bb4.6.6&Prime; _module_preset=\u00a0\u00bbdefault\u00a0\u00bb][et_pb_text _builder_version=\u00a0\u00bb4.6.6&Prime; _module_preset=\u00a0\u00bbdefault\u00a0\u00bb text_font=\u00a0\u00bb||||||||\u00a0\u00bb text_text_color=\u00a0\u00bb#000000&Prime; text_font_size=\u00a0\u00bb26px\u00a0\u00bb background_enable_color=\u00a0\u00bboff\u00a0\u00bb text_orientation=\u00a0\u00bbcenter\u00a0\u00bb min_height=\u00a0\u00bb41.8px\u00a0\u00bb custom_margin=\u00a0\u00bb1px||17px||false|false\u00a0\u00bb custom_padding=\u00a0\u00bb13px||17px||false|false\u00a0\u00bb]Articles[\/et_pb_text][et_pb_blog fullwidth=\u00a0\u00bboff\u00a0\u00bb posts_number=\u00a0\u00bb3&Prime; include_categories=\u00a0\u00bball\u00a0\u00bb show_more=\u00a0\u00bbon\u00a0\u00bb _builder_version=\u00a0\u00bb4.6.6&Prime; _module_preset=\u00a0\u00bbdefault\u00a0\u00bb min_height=\u00a0\u00bb490.8px\u00a0\u00bb][\/et_pb_blog][et_pb_image src=\u00a0\u00bbhttps:\/\/imeif.fr\/wp-content\/uploads\/2022\/07\/PHOTO-2022-06-30-16-52-50-2.jpg\u00a0\u00bb title_text=\u00a0\u00bbPHOTO-2022-06-30-16-52-50-2&Prime; _builder_version=\u00a0\u00bb4.6.6&Prime; _module_preset=\u00a0\u00bbdefault\u00a0\u00bb custom_margin=\u00a0\u00bb0px|0px|0px|0px|false|false\u00a0\u00bb custom_padding=\u00a0\u00bb0px|0px|0px|0px|false|false\u00a0\u00bb][\/et_pb_image][\/et_pb_column][\/et_pb_row][et_pb_row _builder_version=\u00a0\u00bb4.6.6&Prime; _module_preset=\u00a0\u00bbdefault\u00a0\u00bb][et_pb_column type=\u00a0\u00bb4_4&Prime; _builder_version=\u00a0\u00bb4.6.6&Prime; _module_preset=\u00a0\u00bbdefault\u00a0\u00bb][et_pb_text _builder_version=\u00a0\u00bb4.6.6&Prime; _module_preset=\u00a0\u00bbdefault\u00a0\u00bb text_orientation=\u00a0\u00bbcenter\u00a0\u00bb]<\/p>\n<h1>On parle de nous<\/h1>\n<p>[\/et_pb_text][\/et_pb_column][\/et_pb_row][et_pb_row column_structure=\u00a0\u00bb1_3,1_3,1_3&Prime; _builder_version=\u00a0\u00bb4.6.6&Prime; _module_preset=\u00a0\u00bbdefault\u00a0\u00bb custom_padding=\u00a0\u00bb|0px||||\u00a0\u00bb][et_pb_column type=\u00a0\u00bb1_3&Prime; _builder_version=\u00a0\u00bb4.6.6&Prime; _module_preset=\u00a0\u00bbdefault\u00a0\u00bb][et_pb_accordion _builder_version=\u00a0\u00bb4.6.6&Prime; _module_preset=\u00a0\u00bbdefault\u00a0\u00bb width=\u00a0\u00bb219%\u00a0\u00bb custom_margin=\u00a0\u00bb|-606px||||\u00a0\u00bb hover_enabled=\u00a0\u00bb0&Prime; sticky_enabled=\u00a0\u00bb0&Prime;][et_pb_accordion_item title=\u00a0\u00bbShake Mama dans le journal de La Gazette de Montpellier\u00a0\u00bb open=\u00a0\u00bbon\u00a0\u00bb _builder_version=\u00a0\u00bb4.6.6&Prime; _module_preset=\u00a0\u00bbdefault\u00a0\u00bb hover_enabled=\u00a0\u00bb0&Prime; sticky_enabled=\u00a0\u00bb0&Prime;]<\/p>\n<p>\u00c0 l&rsquo;occasion de la campagne de financement participatif pour la couveuse d&rsquo;entreprise \u00ab\u00a0Shake Mama\u00a0\u00bb un article a \u00e9t\u00e9 r\u00e9dig\u00e9 par la Gazette de Montpellier.<\/p>\n<p>[\/et_pb_accordion_item][et_pb_accordion_item title=\u00a0\u00bbOn parle de nous dans le journal \u00ab La tribune \u00bb\u00a0\u00bb _builder_version=\u00a0\u00bb4.6.6&Prime; _module_preset=\u00a0\u00bbdefault\u00a0\u00bb open=\u00a0\u00bboff\u00a0\u00bb]<\/p>\n<p>La Tribune Montpellier parle de nous ! \ud83d\udce3<\/p>\n<p>Dans cette article, le journal Tribune \ud83d\udcf0 revient sur les actions de l&rsquo;IMEIF :<\/p>\n<p><em>\u00ab D\u00e9passer les freins \u00e0 l\u2019emploi, explorer les savoir-faire individuels et sortir les\u00a0<a href=\"https:\/\/www.linkedin.com\/feed\/hashtag\/?keywords=femmes&amp;highlightedUpdateUrns=urn%3Ali%3Aactivity%3A6955018709149110273\" data-attribute-index=\"0\">#femmes<\/a>\u00a0de la\u00a0<a href=\"https:\/\/www.linkedin.com\/feed\/hashtag\/?keywords=pr%C3%A9carit%C3%A9&amp;highlightedUpdateUrns=urn%3Ali%3Aactivity%3A6955018709149110273\" data-attribute-index=\"1\">#pr\u00e9carit\u00e9<\/a>\u00a0en cr\u00e9ant, \u00e0 force de pers\u00e9v\u00e9rance et de volont\u00e9, de l\u2019emploi durable. C\u2019est ce \u00e0 quoi s\u2019emploie l\u2019<a href=\"https:\/\/www.linkedin.com\/company\/imeif\/\" data-attribute-index=\"2\" data-entity-hovercard-id=\"urn:li:fs_miniCompany:18900602\" data-entity-type=\"MINI_COMPANY\">IMEIF\u00a0<\/a>dans le quartier (<a href=\"https:\/\/www.linkedin.com\/feed\/hashtag\/?keywords=qpv&amp;highlightedUpdateUrns=urn%3Ali%3Aactivity%3A6955018709149110273\" data-attribute-index=\"4\">#QPV<\/a>) de la\u00a0<a href=\"https:\/\/www.linkedin.com\/feed\/hashtag\/?keywords=mosson&amp;highlightedUpdateUrns=urn%3Ali%3Aactivity%3A6955018709149110273\" data-attribute-index=\"5\">#Mosson<\/a>, \u00e0 Montpellier.\u00a0\u00bb<\/em><\/p>\n<p>Une belle mise en lumi\u00e8re !<\/p>\n<p>(Re)d\u00e9couvrez l&rsquo;article juste ici \ud83d\udc49<\/p>\n<p><a href=\"https:\/\/objectif-languedoc-roussillon.latribune.fr\/carrieres\/emploi\/2022-07-18\/histoire-d-un-parcours-du-combattant-creer-de-l-emploi-durable-pour-les-femmes-du-quartier-de-la-mosson-926109.html?utm_term=Autofeed&amp;utm_medium=Social&amp;utm_source=LinkedIn#Echobox=1658200940\">\u00ab Histoire d\u2019un parcours du combattant : cr\u00e9er de l\u2019emploi durable pour les femmes du quartier de la Mosson \u00bb<\/a><\/p>\n<p>[\/et_pb_accordion_item][et_pb_accordion_item title=\u00a0\u00bbL&rsquo;IMEIF sur le podcast \u00ab Entreprendre \u00e0 Montpellier \u00bb\u00a0\u00bb _builder_version=\u00a0\u00bb4.6.6&Prime; _module_preset=\u00a0\u00bbdefault\u00a0\u00bb open=\u00a0\u00bboff\u00a0\u00bb]<\/p>\n<p style=\"text-align: justify;\">Il y a quelques jours notre directrice intervenait dans le podcast \u00ab Entreprendre \u00e0 Montpellier \u00bb. Il y \u00e9tait question du r\u00f4le d\u00e9terminant de l\u2019\u00e9conomie sociale et solidaire sur la m\u00e9tropole de Montpellier !<\/p>\n<p style=\"text-align: justify;\"><em>\u00ab Pr\u00e8s de Montpellier, Viviane pilote l\u2019installation d\u2019un atelier de r\u00e9paration pour le r\u00e9seau Envie.<\/em><\/p>\n<p style=\"text-align: justify;\"><em>Dans le quartier Agropolis, Bastien lutte contre la pollution lumineuse, en d\u00e9cryptant des images satellitaires.<\/em><\/p>\n<p style=\"text-align: justify;\"><em>A la Paillade, Soraya initie des femmes au design pour les transformer en entrepreneuses.\u00a0\u00bb<\/em><\/p>\n<p style=\"text-align: justify;\">Un grand merci \u00e0 Montpellier M\u00e9diterran\u00e9e M\u00e9tropole pour cette belle mise en lumi\u00e8re et \u00e0 Paul Engel pour la r\u00e9alisation.<br \/> Entreprendre \u00e0 Montpellier<\/p>\n<p style=\"text-align: left;\">RDV \u00e0 l&rsquo;adresse suivante pour en apprendre davantage :\u00a0<a href=\"https:\/\/podcast.ausha.co\/entreprendre-a-montpellier\/innover-grace-a-l-economie-sociale-et-solidaire\">https:\/\/podcast.ausha .co\/entreprendre-a-montpellier\/innover-grace-a-l-economie-sociale-et-solidaire<\/a><\/p>\n<p>[\/et_pb_accordion_item][\/et_pb_accordion][\/et_pb_column][et_pb_column type=\u00a0\u00bb1_3&Prime; _builder_version=\u00a0\u00bb4.6.6&Prime; _module_preset=\u00a0\u00bbdefault\u00a0\u00bb][et_pb_accordion _builder_version=\u00a0\u00bb4.6.6&Prime; _module_preset=\u00a0\u00bbdefault\u00a0\u00bb][\/et_pb_accordion][\/et_pb_column][et_pb_column type=\u00a0\u00bb1_3&Prime; _builder_version=\u00a0\u00bb4.6.6&Prime; _module_preset=\u00a0\u00bbdefault\u00a0\u00bb][et_pb_gallery gallery_ids=\u00a0\u00bb1162,1158,648,646,633,612,599&Prime; posts_number=\u00a0\u00bb2&Prime; show_title_and_caption=\u00a0\u00bboff\u00a0\u00bb show_pagination=\u00a0\u00bboff\u00a0\u00bb _builder_version=\u00a0\u00bb4.6.6&Prime; _module_preset=\u00a0\u00bbdefault\u00a0\u00bb][\/et_pb_gallery][\/et_pb_column][\/et_pb_row][et_pb_row column_structure=\u00a0\u00bb1_3,1_3,1_3&Prime; _builder_version=\u00a0\u00bb4.6.6&Prime; _module_preset=\u00a0\u00bbdefault\u00a0\u00bb custom_padding=\u00a0\u00bb|0px||||\u00a0\u00bb][et_pb_column type=\u00a0\u00bb1_3&Prime; _builder_version=\u00a0\u00bb4.6.6&Prime; _module_preset=\u00a0\u00bbdefault\u00a0\u00bb][\/et_pb_column][et_pb_column type=\u00a0\u00bb1_3&Prime; _builder_version=\u00a0\u00bb4.6.6&Prime; _module_preset=\u00a0\u00bbdefault\u00a0\u00bb][et_pb_accordion _builder_version=\u00a0\u00bb4.6.6&Prime; _module_preset=\u00a0\u00bbdefault\u00a0\u00bb][\/et_pb_accordion][\/et_pb_column][et_pb_column type=\u00a0\u00bb1_3&Prime; _builder_version=\u00a0\u00bb4.6.6&Prime; _module_preset=\u00a0\u00bbdefault\u00a0\u00bb][\/et_pb_column][\/et_pb_row][\/et_pb_section]<\/p>\n","protected":false},"excerpt":{"rendered":"<p>Nos actualit\u00e9sD\u00e9couvrez les derni\u00e8res nouvelles de notre structureArticlesOn parle de nous\u00c0 l&rsquo;occasion de la campagne de financement participatif pour la couveuse d&rsquo;entreprise \u00ab\u00a0Shake Mama\u00a0\u00bb un article a \u00e9t\u00e9 r\u00e9dig\u00e9 par la Gazette de Montpellier.La Tribune Montpellier parle de nous ! \ud83d\udce3 Dans cette article, le journal Tribune \ud83d\udcf0 revient sur les actions de l&rsquo;IMEIF : [&hellip;]<\/p>\n","protected":false},"author":1,"featured_media":0,"parent":0,"menu_order":0,"comment_status":"closed","ping_status":"closed","template":"","meta":{"_et_pb_use_builder":"on","_et_pb_old_content":"","_et_gb_content_width":"","footnotes":""},"class_list":["post-356","page","type-page","status-publish","hentry"],"yoast_head":"<!-- This site is optimized with the Yoast SEO plugin v25.7 - https:\/\/yoast.com\/wordpress\/plugins\/seo\/ -->\n<title>Actualit\u00e9s - IMEIF<\/title>\n<meta name=\"description\" content=\"D\u00e9couvrez les actualit\u00e9s de l&#039;association Imeif : les moments forts et les dates d&#039;inscription aux formations et aux parcours de cr\u00e9ation.\" \/>\n<meta name=\"robots\" content=\"index, follow, max-snippet:-1, max-image-preview:large, max-video-preview:-1\" \/>\n<link rel=\"canonical\" href=\"https:\/\/imeif.fr\/index.php\/actualites\/\" \/>\n<meta property=\"og:locale\" content=\"fr_FR\" \/>\n<meta property=\"og:type\" content=\"article\" \/>\n<meta property=\"og:title\" content=\"Actualit\u00e9s - IMEIF\" \/>\n<meta property=\"og:description\" content=\"D\u00e9couvrez les actualit\u00e9s de l&#039;association Imeif : les moments forts et les dates d&#039;inscription aux formations et aux parcours de cr\u00e9ation.\" \/>\n<meta property=\"og:url\" content=\"https:\/\/imeif.fr\/index.php\/actualites\/\" \/>\n<meta property=\"og:site_name\" content=\"IMEIF\" \/>\n<meta property=\"article:modified_time\" content=\"2023-12-20T16:09:58+00:00\" \/>\n<meta name=\"twitter:card\" content=\"summary_large_image\" \/>\n<meta name=\"twitter:label1\" content=\"Dur\u00e9e de lecture estim\u00e9e\" \/>\n\t<meta name=\"twitter:data1\" content=\"3 minutes\" \/>\n<script type=\"application\/ld+json\" class=\"yoast-schema-graph\">{\"@context\":\"https:\/\/schema.org\",\"@graph\":[{\"@type\":\"WebPage\",\"@id\":\"https:\/\/imeif.fr\/index.php\/actualites\/\",\"url\":\"https:\/\/imeif.fr\/index.php\/actualites\/\",\"name\":\"Actualit\u00e9s - IMEIF\",\"isPartOf\":{\"@id\":\"https:\/\/imeif.fr\/#website\"},\"datePublished\":\"2021-04-06T08:57:33+00:00\",\"dateModified\":\"2023-12-20T16:09:58+00:00\",\"description\":\"D\u00e9couvrez les actualit\u00e9s de l'association Imeif : les moments forts et les dates d'inscription aux formations et aux parcours de cr\u00e9ation.\",\"breadcrumb\":{\"@id\":\"https:\/\/imeif.fr\/index.php\/actualites\/#breadcrumb\"},\"inLanguage\":\"fr-FR\",\"potentialAction\":[{\"@type\":\"ReadAction\",\"target\":[\"https:\/\/imeif.fr\/index.php\/actualites\/\"]}]},{\"@type\":\"BreadcrumbList\",\"@id\":\"https:\/\/imeif.fr\/index.php\/actualites\/#breadcrumb\",\"itemListElement\":[{\"@type\":\"ListItem\",\"position\":1,\"name\":\"Accueil\",\"item\":\"https:\/\/imeif.fr\/\"},{\"@type\":\"ListItem\",\"position\":2,\"name\":\"Actualit\u00e9s\"}]},{\"@type\":\"WebSite\",\"@id\":\"https:\/\/imeif.fr\/#website\",\"url\":\"https:\/\/imeif.fr\/\",\"name\":\"IMEIF\",\"description\":\"Pas de quartier pour l&#039;\u00e9mancipation des femmes\",\"publisher\":{\"@id\":\"https:\/\/imeif.fr\/#organization\"},\"potentialAction\":[{\"@type\":\"SearchAction\",\"target\":{\"@type\":\"EntryPoint\",\"urlTemplate\":\"https:\/\/imeif.fr\/?s={search_term_string}\"},\"query-input\":{\"@type\":\"PropertyValueSpecification\",\"valueRequired\":true,\"valueName\":\"search_term_string\"}}],\"inLanguage\":\"fr-FR\"},{\"@type\":\"Organization\",\"@id\":\"https:\/\/imeif.fr\/#organization\",\"name\":\"IMEIF\",\"url\":\"https:\/\/imeif.fr\/\",\"logo\":{\"@type\":\"ImageObject\",\"inLanguage\":\"fr-FR\",\"@id\":\"https:\/\/imeif.fr\/#\/schema\/logo\/image\/\",\"url\":\"https:\/\/imeif.fr\/wp-content\/uploads\/2021\/03\/logo-imeif-3000px.png\",\"contentUrl\":\"https:\/\/imeif.fr\/wp-content\/uploads\/2021\/03\/logo-imeif-3000px.png\",\"width\":3000,\"height\":3000,\"caption\":\"IMEIF\"},\"image\":{\"@id\":\"https:\/\/imeif.fr\/#\/schema\/logo\/image\/\"}}]}<\/script>\n<!-- \/ Yoast SEO plugin. -->","yoast_head_json":{"title":"Actualit\u00e9s - IMEIF","description":"D\u00e9couvrez les actualit\u00e9s de l'association Imeif : les moments forts et les dates d'inscription aux formations et aux parcours de cr\u00e9ation.","robots":{"index":"index","follow":"follow","max-snippet":"max-snippet:-1","max-image-preview":"max-image-preview:large","max-video-preview":"max-video-preview:-1"},"canonical":"https:\/\/imeif.fr\/index.php\/actualites\/","og_locale":"fr_FR","og_type":"article","og_title":"Actualit\u00e9s - IMEIF","og_description":"D\u00e9couvrez les actualit\u00e9s de l'association Imeif : les moments forts et les dates d'inscription aux formations et aux parcours de cr\u00e9ation.","og_url":"https:\/\/imeif.fr\/index.php\/actualites\/","og_site_name":"IMEIF","article_modified_time":"2023-12-20T16:09:58+00:00","twitter_card":"summary_large_image","twitter_misc":{"Dur\u00e9e de lecture estim\u00e9e":"3 minutes"},"schema":{"@context":"https:\/\/schema.org","@graph":[{"@type":"WebPage","@id":"https:\/\/imeif.fr\/index.php\/actualites\/","url":"https:\/\/imeif.fr\/index.php\/actualites\/","name":"Actualit\u00e9s - IMEIF","isPartOf":{"@id":"https:\/\/imeif.fr\/#website"},"datePublished":"2021-04-06T08:57:33+00:00","dateModified":"2023-12-20T16:09:58+00:00","description":"D\u00e9couvrez les actualit\u00e9s de l'association Imeif : les moments forts et les dates d'inscription aux formations et aux parcours de cr\u00e9ation.","breadcrumb":{"@id":"https:\/\/imeif.fr\/index.php\/actualites\/#breadcrumb"},"inLanguage":"fr-FR","potentialAction":[{"@type":"ReadAction","target":["https:\/\/imeif.fr\/index.php\/actualites\/"]}]},{"@type":"BreadcrumbList","@id":"https:\/\/imeif.fr\/index.php\/actualites\/#breadcrumb","itemListElement":[{"@type":"ListItem","position":1,"name":"Accueil","item":"https:\/\/imeif.fr\/"},{"@type":"ListItem","position":2,"name":"Actualit\u00e9s"}]},{"@type":"WebSite","@id":"https:\/\/imeif.fr\/#website","url":"https:\/\/imeif.fr\/","name":"IMEIF","description":"Pas de quartier pour l&#039;\u00e9mancipation des femmes","publisher":{"@id":"https:\/\/imeif.fr\/#organization"},"potentialAction":[{"@type":"SearchAction","target":{"@type":"EntryPoint","urlTemplate":"https:\/\/imeif.fr\/?s={search_term_string}"},"query-input":{"@type":"PropertyValueSpecification","valueRequired":true,"valueName":"search_term_string"}}],"inLanguage":"fr-FR"},{"@type":"Organization","@id":"https:\/\/imeif.fr\/#organization","name":"IMEIF","url":"https:\/\/imeif.fr\/","logo":{"@type":"ImageObject","inLanguage":"fr-FR","@id":"https:\/\/imeif.fr\/#\/schema\/logo\/image\/","url":"https:\/\/imeif.fr\/wp-content\/uploads\/2021\/03\/logo-imeif-3000px.png","contentUrl":"https:\/\/imeif.fr\/wp-content\/uploads\/2021\/03\/logo-imeif-3000px.png","width":3000,"height":3000,"caption":"IMEIF"},"image":{"@id":"https:\/\/imeif.fr\/#\/schema\/logo\/image\/"}}]}},"_links":{"self":[{"href":"https:\/\/imeif.fr\/index.php\/wp-json\/wp\/v2\/pages\/356","targetHints":{"allow":["GET"]}}],"collection":[{"href":"https:\/\/imeif.fr\/index.php\/wp-json\/wp\/v2\/pages"}],"about":[{"href":"https:\/\/imeif.fr\/index.php\/wp-json\/wp\/v2\/types\/page"}],"author":[{"embeddable":true,"href":"https:\/\/imeif.fr\/index.php\/wp-json\/wp\/v2\/users\/1"}],"replies":[{"embeddable":true,"href":"https:\/\/imeif.fr\/index.php\/wp-json\/wp\/v2\/comments?post=356"}],"version-history":[{"count":41,"href":"https:\/\/imeif.fr\/index.php\/wp-json\/wp\/v2\/pages\/356\/revisions"}],"predecessor-version":[{"id":1590,"href":"https:\/\/imeif.fr\/index.php\/wp-json\/wp\/v2\/pages\/356\/revisions\/1590"}],"wp:attachment":[{"href":"https:\/\/imeif.fr\/index.php\/wp-json\/wp\/v2\/media?parent=356"}],"curies":[{"name":"wp","href":"https:\/\/api.w.org\/{rel}","templated":true}]}}